{"id":115,"date":"2020-05-17T19:36:50","date_gmt":"2020-05-17T19:36:50","guid":{"rendered":"https:\/\/ausatmen-qigong.de\/?page_id=109"},"modified":"2026-03-26T08:21:27","modified_gmt":"2026-03-26T06:21:27","slug":"classes","status":"publish","type":"page","link":"https:\/\/ausatmen-qigong.de\/?page_id=115","title":{"rendered":"W\u00f6chentlicher Unterricht"},"content":{"rendered":"\n<h3 class=\"wp-block-heading\">Nur mit Voranmeldung unter:      <\/h3>\n\n\n\n<p><\/p>\n\n\n\n<h4 class=\"wp-block-heading\">Tel.: 01516 8549207<\/h4>\n\n\n\n<h4 class=\"wp-block-heading\">Mail: ausatmen.qigong@gmail.com<\/h4>\n\n\n\n<div class=\"wp-block-columns is-layout-flex wp-container-core-columns-is-layout-28f84493 wp-block-columns-is-layout-flex\">\n<div class=\"wp-block-column is-layout-flow wp-block-column-is-layout-flow\" style=\"flex-basis:100%\">\n<div class=\"wp-block-group has-global-padding is-layout-constrained wp-block-group-is-layout-constrained\">\n<div class=\"wp-block-columns is-layout-flex wp-container-core-columns-is-layout-28f84493 wp-block-columns-is-layout-flex\">\n<div class=\"wp-block-column is-layout-flow wp-block-column-is-layout-flow\" style=\"flex-basis:100%\"><\/div>\n<\/div>\n<\/div>\n<\/div>\n<\/div>\n\n\n\n<h2 class=\"wp-block-heading\">Ort : In der W\u00fcste 2 \/ 57462 Olpe<\/h2>\n\n\n\n<div id=\"wp-block-themeisle-blocks-advanced-columns-67a0fda0\" class=\"wp-block-themeisle-blocks-advanced-columns alignfull has-2-columns has-desktop-equal-layout has-tablet-equal-layout has-mobile-collapsedRows-layout has-vertical-unset has-vertical-undefined has-light-bg\"><div class=\"wp-block-themeisle-blocks-advanced-columns-overlay\"><\/div><div class=\"innerblocks-wrap\">\n<div id=\"wp-block-themeisle-blocks-advanced-column-6efd22c7\" class=\"wp-block-themeisle-blocks-advanced-column\">\n<h2 class=\"wp-block-heading\">Donnerstag <br>17:15 &#8211; 18:15h<\/h2>\n<\/div>\n\n\n\n<div id=\"wp-block-themeisle-blocks-advanced-column-6bdc37ef\" class=\"wp-block-themeisle-blocks-advanced-column\">\n<ul class=\"wp-block-list\">\n<li>das Qi wecken, die Lebensenergie zum flie\u00dfen bringen<\/li>\n\n\n\n<li>Qi in Anlehnung an die f\u00fcnf Wandlungsphasen (TCM) kultivieren<\/li>\n\n\n\n<li>harmonisierende Bewegungen und K\u00f6rperwahrnehmung<\/li>\n\n\n\n<li>Meditation in Bewegung<\/li>\n\n\n\n<li>die Wurzel finden, um Haltung und Gleichgewicht zu verbessern<\/li>\n\n\n\n<li>einfache \u00dcbungen zur Gesunderhaltung des K\u00f6rpers<\/li>\n\n\n\n<li>einfache \u00dcbungen zur Organpflege nach Prof. Zhang<\/li>\n\n\n\n<li>entspannende Selbstmassage<\/li>\n\n\n\n<li>besonders geeignet f\u00fcr \u00c4ltere und Anf\u00e4nger<\/li>\n<\/ul>\n<\/div>\n<\/div><\/div>\n\n\n\n<div id=\"wp-block-themeisle-blocks-advanced-columns-16fac211\" class=\"wp-block-themeisle-blocks-advanced-columns alignfull has-2-columns has-desktop-equal-layout has-tablet-equal-layout has-mobile-collapsedRows-layout has-vertical-unset has-light-bg\"><div class=\"wp-block-themeisle-blocks-advanced-columns-overlay\"><\/div><div class=\"innerblocks-wrap\">\n<div id=\"wp-block-themeisle-blocks-advanced-column-aaaa1fe7\" class=\"wp-block-themeisle-blocks-advanced-column\">\n<div class=\"wp-block-group has-global-padding is-layout-constrained wp-block-group-is-layout-constrained\">\n<div class=\"wp-block-columns is-layout-flex wp-container-core-columns-is-layout-28f84493 wp-block-columns-is-layout-flex\">\n<div class=\"wp-block-column is-layout-flow wp-block-column-is-layout-flow\" style=\"flex-basis:100%\">\n<h2 class=\"wp-block-heading\">Donnerstag <br>18:30 &#8211; 19:30h<\/h2>\n<\/div>\n<\/div>\n<\/div>\n<\/div>\n\n\n\n<div id=\"wp-block-themeisle-blocks-advanced-column-cddaea9e\" class=\"wp-block-themeisle-blocks-advanced-column\">\n<ul class=\"wp-block-list\">\n<li>Qi aktivieren<\/li>\n\n\n\n<li>Meridian Qigong<\/li>\n\n\n\n<li>traditionelle Stile<\/li>\n\n\n\n<li>entspannende und harmonisierende Qigong\/Tiaji-Formen<\/li>\n\n\n\n<li>\u00dcbungen zur K\u00f6rperwahrnehmung<\/li>\n\n\n\n<li>Organ Qigong nach Prof. Zhang<\/li>\n\n\n\n<li>Meditation in Bewegung<\/li>\n<\/ul>\n<\/div>\n<\/div><\/div>\n\n\n\n<div id=\"wp-block-themeisle-blocks-advanced-columns-e4c8621b\" class=\"wp-block-themeisle-blocks-advanced-columns alignfull has-1-columns has-desktop-equal-layout has-tablet-equal-layout has-mobile-collapsedRows-layout has-vertical-unset has-light-bg\"><div class=\"wp-block-themeisle-blocks-advanced-columns-overlay\"><\/div><div class=\"innerblocks-wrap\">\n<div id=\"wp-block-themeisle-blocks-advanced-column-dac4969e\" class=\"wp-block-themeisle-blocks-advanced-column has-light-bg\">\n<h2 class=\"wp-block-heading has-text-align-center\">Anmeldebedingungen<\/h2>\n\n\n\n<p class=\"has-medium-font-size\"><\/p>\n\n\n\n<ul class=\"wp-block-list\">\n<li class=\"has-medium-font-size\">die Haftung f\u00fcr pers\u00f6nliche Sch\u00e4den ist auf grobe Fahrl\u00e4ssigkeit und Vorsatz beschr\u00e4nkt<\/li>\n\n\n\n<li class=\"has-medium-font-size\">f\u00fcr mitgebrachte Wertgegenst\u00e4nde, Geld und Kleidung wird keine Haftung \u00fcbernommen<\/li>\n\n\n\n<li class=\"has-medium-font-size\">bitte besprechen Sie im Vorfeld mit ihrem Arzt ob diese Bewegungs- und Entspannungsmethoden f\u00fcr Sie geeignet sind<\/li>\n\n\n\n<li class=\"has-medium-font-size\">bitte lesen Sie die Datenschutz Richtlinien<\/li>\n<\/ul>\n<\/div>\n<\/div><\/div>\n\n\n\n<div style=\"height:31px\" aria-hidden=\"true\" class=\"wp-block-spacer\"><\/div>\n\n\n\n<h2 class=\"wp-block-heading\">Kursgeb\u00fchren<\/h2>\n\n\n\n<h4 class=\"wp-block-heading\">&#8211;    kostenlose Probestunde<\/h4>\n\n\n\n<h4 class=\"wp-block-heading\">&#8211;    49,- \u20ac  \/  5er Karte<\/h4>\n\n\n\n<h4 class=\"wp-block-heading\">&#8211;    89,- \u20ac  \/  10er Karte<\/h4>\n\n\n\n<p>Ich bin Hansefit-Partner<\/p>\n\n\n\n<p><\/p>\n\n\n\n<p><\/p>\n","protected":false},"excerpt":{"rendered":"<p>Nur mit Voranmeldung unter: Tel.: 01516 8549207 Mail: ausatmen.qigong@gmail.com Ort : In der W\u00fcste 2 \/ 57462 Olpe Kursgeb\u00fchren &#8211; kostenlose Probestunde &#8211; 49,- \u20ac \/ 5er Karte &#8211; 89,- \u20ac \/ 10er Karte Ich bin Hansefit-Partner<\/p>\n","protected":false},"author":1,"featured_media":0,"parent":0,"menu_order":0,"comment_status":"closed","ping_status":"closed","template":"","meta":{"_monsterinsights_skip_tracking":false,"_monsterinsights_sitenote_active":false,"_monsterinsights_sitenote_note":"","_monsterinsights_sitenote_category":0,"_themeisle_gutenberg_block_has_review":false,"footnotes":""},"class_list":["post-115","page","type-page","status-publish","hentry"],"_links":{"self":[{"href":"https:\/\/ausatmen-qigong.de\/index.php?rest_route=\/wp\/v2\/pages\/115","targetHints":{"allow":["GET"]}}],"collection":[{"href":"https:\/\/ausatmen-qigong.de\/index.php?rest_route=\/wp\/v2\/pages"}],"about":[{"href":"https:\/\/ausatmen-qigong.de\/index.php?rest_route=\/wp\/v2\/types\/page"}],"author":[{"embeddable":true,"href":"https:\/\/ausatmen-qigong.de\/index.php?rest_route=\/wp\/v2\/users\/1"}],"replies":[{"embeddable":true,"href":"https:\/\/ausatmen-qigong.de\/index.php?rest_route=%2Fwp%2Fv2%2Fcomments&post=115"}],"version-history":[{"count":4,"href":"https:\/\/ausatmen-qigong.de\/index.php?rest_route=\/wp\/v2\/pages\/115\/revisions"}],"predecessor-version":[{"id":477,"href":"https:\/\/ausatmen-qigong.de\/index.php?rest_route=\/wp\/v2\/pages\/115\/revisions\/477"}],"wp:attachment":[{"href":"https:\/\/ausatmen-qigong.de\/index.php?rest_route=%2Fwp%2Fv2%2Fmedia&parent=115"}],"curies":[{"name":"wp","href":"https:\/\/api.w.org\/{rel}","templated":true}]}}